{"id":2403,"date":"2021-01-15T00:41:20","date_gmt":"2021-01-14T21:41:20","guid":{"rendered":"http:\/\/www.psikologtubaengin.com\/?page_id=2403"},"modified":"2021-01-15T01:13:43","modified_gmt":"2021-01-14T22:13:43","slug":"blog","status":"publish","type":"page","link":"http:\/\/www.psikologtubaengin.com\/en\/blog\/","title":{"rendered":"Blog"},"content":{"rendered":"<div data-elementor-type=\"wp-page\" data-elementor-id=\"2403\" class=\"elementor elementor-2403\" data-elementor-settings=\"[]\">\n\t\t\t\t\t\t<div class=\"elementor-inner\">\n\t\t\t\t\t\t\t<div class=\"elementor-section-wrap\">\n\t\t\t\t\t\t\t<section class=\"elementor-section elementor-top-section elementor-element elementor-element-03c63e6 elementor-section-boxed elementor-section-height-default elementor-section-height-default\" data-id=\"03c63e6\" data-element_type=\"section\">\n\t\t\t\t\t\t<div class=\"elementor-container elementor-column-gap-default\">\n\t\t\t\t\t\t\t<div class=\"elementor-row\">\n\t\t\t\t\t<div class=\"elementor-column elementor-col-33 elementor-top-column elementor-element elementor-element-abecca2\" data-id=\"abecca2\" data-element_type=\"column\">\n\t\t\t<div class=\"elementor-column-wrap\">\n\t\t\t\t\t\t\t<div class=\"elementor-widget-wrap\">\n\t\t\t\t\t\t\t\t<\/div>\n\t\t\t\t\t<\/div>\n\t\t<\/div>\n\t\t\t\t<div class=\"elementor-column elementor-col-33 elementor-top-column elementor-element elementor-element-ebf9168\" data-id=\"ebf9168\" data-element_type=\"column\">\n\t\t\t<div class=\"elementor-column-wrap\">\n\t\t\t\t\t\t\t<div class=\"elementor-widget-wrap\">\n\t\t\t\t\t\t\t\t<\/div>\n\t\t\t\t\t<\/div>\n\t\t<\/div>\n\t\t\t\t<div class=\"elementor-column elementor-col-33 elementor-top-column elementor-element elementor-element-febd6d7\" data-id=\"febd6d7\" data-element_type=\"column\">\n\t\t\t<div class=\"elementor-column-wrap\">\n\t\t\t\t\t\t\t<div class=\"elementor-widget-wrap\">\n\t\t\t\t\t\t\t\t<\/div>\n\t\t\t\t\t<\/div>\n\t\t<\/div>\n\t\t\t\t\t\t\t\t<\/div>\n\t\t\t\t\t<\/div>\n\t\t<\/section>\n\t\t\t\t<section class=\"elementor-section elementor-top-section elementor-element elementor-element-d55d68e elementor-section-boxed elementor-section-height-default elementor-section-height-default\" data-id=\"d55d68e\" data-element_type=\"section\">\n\t\t\t\t\t\t<div class=\"elementor-container elementor-column-gap-default\">\n\t\t\t\t\t\t\t<div class=\"elementor-row\">\n\t\t\t\t\t<div class=\"elementor-column elementor-col-100 elementor-top-column elementor-element elementor-element-b82870d\" data-id=\"b82870d\" data-element_type=\"column\">\n\t\t\t<div class=\"elementor-column-wrap elementor-element-populated\">\n\t\t\t\t\t\t\t<div class=\"elementor-widget-wrap\">\n\t\t\t\t\t\t<div class=\"elementor-element elementor-element-c62a675 elementor-widget elementor-widget-eael-post-timeline\" data-id=\"c62a675\" data-element_type=\"widget\" data-widget_type=\"eael-post-timeline.default\">\n\t\t\t\t<div class=\"elementor-widget-container\">\n\t\t\t<div id=\"eael-post-timeline-c62a675\" class=\"eael-post-timeline\">\n            <div class=\"eael-post-timeline eael-post-appender eael-post-appender-c62a675\"><article class=\"eael-timeline-post eael-timeline-column\">\n    <div class=\"eael-timeline-bullet\"><\/div>\n    <div class=\"eael-timeline-post-inner\">\n        <a class=\"eael-timeline-post-link\" href=\"http:\/\/www.psikologtubaengin.com\/en\/merhaba-dunya\/\" title=\"Merhaba d\u00fcnya!\">\n            <time datetime=\"11\/01\/2021\">11\/01\/2021<\/time>\n            <div class=\"eael-timeline-post-image\" style=\"background-image: url();\"><\/div><div class=\"eael-timeline-post-excerpt\"><p>WordPress&#8217;e ho\u015f geldiniz. Bu sizin ilk yaz\u0131n\u0131z. Bu yaz\u0131y\u0131 d\u00fczenleyin...<\/p><\/div><div class=\"eael-timeline-post-title\">\n                    <h2>Merhaba d\u00fcnya!<\/h2>\n                <\/div><\/a>\n    <\/div>\n<\/article><\/div>\n\t\t<\/div>\t\t<\/div>\n\t\t\t\t<\/div>\n\t\t\t\t\t\t<\/div>\n\t\t\t\t\t<\/div>\n\t\t<\/div>\n\t\t\t\t\t\t\t\t<\/div>\n\t\t\t\t\t<\/div>\n\t\t<\/section>\n\t\t\t\t\t\t<\/div>\n\t\t\t\t\t\t<\/div>\n\t\t\t\t\t<\/div>","protected":false},"excerpt":{"rendered":"<p>11\/01\/2021 WordPress&#8217;e ho\u015f geldiniz. Bu sizin ilk yaz\u0131n\u0131z. Bu yaz\u0131y\u0131 d\u00fczenleyin&#8230; Merhaba d\u00fcnya!<\/p>","protected":false},"author":1,"featured_media":0,"parent":0,"menu_order":0,"comment_status":"closed","ping_status":"closed","template":"","meta":{"footnotes":""},"class_list":["post-2403","page","type-page","status-publish","hentry"],"uagb_featured_image_src":{"full":false,"thumbnail":false,"medium":false,"medium_large":false,"large":false,"1536x1536":false,"2048x2048":false,"trp-custom-language-flag":false},"uagb_author_info":{"display_name":"Tuba Engin","author_link":"http:\/\/www.psikologtubaengin.com\/en\/author\/tuba-engin\/"},"uagb_comment_info":0,"uagb_excerpt":"11\/01\/2021 WordPress&#8217;e ho\u015f geldiniz. Bu sizin ilk yaz\u0131n\u0131z. Bu yaz\u0131y\u0131 d\u00fczenleyin&#8230; Merhaba d\u00fcnya!","_links":{"self":[{"href":"http:\/\/www.psikologtubaengin.com\/en\/wp-json\/wp\/v2\/pages\/2403","targetHints":{"allow":["GET"]}}],"collection":[{"href":"http:\/\/www.psikologtubaengin.com\/en\/wp-json\/wp\/v2\/pages"}],"about":[{"href":"http:\/\/www.psikologtubaengin.com\/en\/wp-json\/wp\/v2\/types\/page"}],"author":[{"embeddable":true,"href":"http:\/\/www.psikologtubaengin.com\/en\/wp-json\/wp\/v2\/users\/1"}],"replies":[{"embeddable":true,"href":"http:\/\/www.psikologtubaengin.com\/en\/wp-json\/wp\/v2\/comments?post=2403"}],"version-history":[{"count":5,"href":"http:\/\/www.psikologtubaengin.com\/en\/wp-json\/wp\/v2\/pages\/2403\/revisions"}],"predecessor-version":[{"id":2409,"href":"http:\/\/www.psikologtubaengin.com\/en\/wp-json\/wp\/v2\/pages\/2403\/revisions\/2409"}],"wp:attachment":[{"href":"http:\/\/www.psikologtubaengin.com\/en\/wp-json\/wp\/v2\/media?parent=2403"}],"curies":[{"name":"wp","href":"https:\/\/api.w.org\/{rel}","templated":true}]}}